{"id":227,"date":"2024-07-03T11:49:05","date_gmt":"2024-07-03T09:49:05","guid":{"rendered":"https:\/\/csut-new.preprod.lamp.cnrs.fr\/?page_id=227"},"modified":"2025-08-08T09:24:09","modified_gmt":"2025-08-08T07:24:09","slug":"creme","status":"publish","type":"page","link":"http:\/\/csut.org\/fr\/creme\/","title":{"rendered":"CREME"},"content":{"rendered":"<div class=\"wp-block-cover alignwide\"><img decoding=\"async\" class=\"wp-block-cover__image-background wp-image-206\" alt=\"\" src=\"https:\/\/csut-new.preprod.lamp.cnrs.fr\/wp-content\/uploads\/2024\/07\/1200px-Van_Allen_Belts.ogv.jpg\" data-object-fit=\"cover\"\/><span aria-hidden=\"true\" class=\"wp-block-cover__background has-background-dim\"><\/span><div class=\"wp-block-cover__inner-container has-global-padding is-layout-constrained wp-block-cover-is-layout-constrained\">\n<p class=\"has-text-align-center has-large-font-size\">Cubesat Radiation Environment Monitoring Experiment<\/p>\n<\/div><\/div>\n\n\n<div class=\"wpb_column pos-top pos-center align_left column_parent col-lg-12 single-internal-gutter\">\n<div class=\"uncol style-light\">\n<div class=\"uncoltable\">\n<div class=\"uncell no-block-padding\">\n<div class=\"uncont\">\n<div class=\"uncode_text_column\">\n<p>En juin 2011 l\u2019OCDE (Future Global Shocks) a identifi\u00e9 les temp\u00eates g\u00e9omagn\u00e9tiques (d\u2019origine solaire) comme l\u2019un des 5 risques majeurs potentiels pour les ann\u00e9es \u00e0 venir. Entre autres, les \u00e9v\u00e9nements li\u00e9s \u00e0 l\u2019activit\u00e9 solaire peuvent avoir un impact sur les satellites terrestres civils et militaires de t\u00e9l\u00e9communication, navigation et observation. Les communications (HF\/VHF\/UHF), le ROEM (Renseignement d\u2019Origine Electro Magn\u00e9tique), la navigation GNSS, la d\u00e9tection radar, \u2026 peuvent \u00eatre perturb\u00e9s. Il n\u2019existe \u00e0 l\u2019heure actuelle aucun service de m\u00e9t\u00e9orologie de l\u2019environnement radiatif des satellites ayant une capacit\u00e9 de pr\u00e9diction en Europe. Le point de d\u00e9part d\u2019un tel service est d\u2019avoir \u00e0 disposition des mesures in-situ pour conna\u00eetre au mieux l\u2019\u00e9tat pr\u00e9sent des niveaux de radiations et \u00e0 terme pr\u00e9dire leurs \u00e9volutions dans le futur. De plus, l\u2019arriv\u00e9e sur le march\u00e9 des satellites de t\u00e9l\u00e9communications de type EOR (Earth Orbit Rising) a mis en lumi\u00e8re de nouvelles vuln\u00e9rabilit\u00e9s aux radiations spatiales, jusqu\u2019alors sous-estim\u00e9es (en termes d\u2019effets et de dynamique).<\/p>\n<p>Le projet CREME (Cubesat for Radiation Environment Monitoring Experiment) a \u00e9t\u00e9 soumis aupr\u00e8s de la r\u00e9gion Occitanie au printemps. Il a pour but de d\u00e9velopper une charge utile compos\u00e9e d\u2019un d\u00e9tecteur de particules charg\u00e9es \u00e0 co\u00fbt mod\u00e9r\u00e9. Il sera d\u00e9di\u00e9 aussi bien \u00e0 la m\u00e9t\u00e9o spatiale qu\u2019\u00e0 la mesure de l\u2019environnement radiatif contraignant les missions EOR, tout en garantissant des mesures de qualit\u00e9. Sa faible empreinte permettra sa validation via un vol sur un CubeSat 3U. Le d\u00e9tecteur envisag\u00e9 repose sur le principe de diodes silicium associ\u00e9es \u00e0 un blindage optimis\u00e9 pour discriminer les particules charg\u00e9es rencontr\u00e9es en environnement spatial (protons d\u2019\u00e9nergie sup\u00e9rieure au MeV et \u00e9lectrons au-del\u00e0 de quelques centaines de keV). Il devra pr\u00e9senter un co\u00fbt et une empreinte faible et sa conception devra permettre un emport facilit\u00e9 pour tout type de plateforme (industrielle ou scientifique).<\/p>\n<p>La plateforme 3U, d\u00e9velopp\u00e9e par l\u2019ISAE-SUPAERO, s\u2019appuie sur l\u2019expertise et le retour d\u2019exp\u00e9rience acquis au cours des projets EyeSat (CNES), Entrysat (ISAE-SUPAERO \u2013 ONERA) et NIMPH (ISAE-SUPAERO, TAS, CNRS\/LAAS). Elle sera d\u00e9riv\u00e9e de la plateforme en cours de d\u00e9veloppement (MONITA) pour le projet NIMPH. Le diff\u00e9rentiel de conception \/ r\u00e9alisation restera born\u00e9, d\u2019autant plus que le moniteur de radiation ne n\u00e9cessite pas de contr\u00f4le d\u2019attitude pr\u00e9cis. Les risques sont donc faibles, et la faisabilit\u00e9 de la plateforme valid\u00e9e.<\/p>\n<p>Au-del\u00e0 du cadre du projet CREME, il est envisag\u00e9 que les mesures en vol r\u00e9colt\u00e9es soient exploit\u00e9es au CSUT, valorisant ainsi le domaine spatial aupr\u00e8s des \u00e9tudiants. Elles permettront \u00e9galement de valider le concept du d\u00e9tecteur en orbite et d\u2019obtenir de nouvelles mesures aptes \u00e0 enrichir des services de surveillance de la m\u00e9t\u00e9orologie de l\u2019espace.<\/p>\n<p>Une des perspectives d\u2019un tel projet sera de proposer aux industriels du spatial un moniteur de radiation faible co\u00fbt, de faible encombrement et masse, et tr\u00e8s versatile, afin qu\u2019il puisse \u00eatre int\u00e9gr\u00e9 facilement sur des satellites commerciaux. L\u2019id\u00e9e sous-jacente est de pouvoir disposer \u00e0 terme d\u2019un capteur dont on pourra accommoder l\u2019esp\u00e8ce mesur\u00e9e (protons ou \u00e9lectrons) ainsi que la gamme d\u2019\u00e9nergie mesur\u00e9e (entre 1 et 100 MeV pour les protons, 100 keV \u00e0 4 MeV pour les \u00e9lectrons). Ainsi dans le futur une constellation de tels d\u00e9tecteurs permettrait de mesurer l\u2019environnement spatial dans son ensemble, et de caract\u00e9riser des orbites jusqu\u2019\u00e0 pr\u00e9sent peu d\u00e9crites du point de vue radiatif.<\/p>\n<p><img loading=\"lazy\" decoding=\"async\" class=\"aligncenter wp-image-333 size-large\" src=\"http:\/\/csut.org\/wp-content\/uploads\/2024\/07\/logo_occitanie-1024x176.png\" alt=\"\" width=\"1024\" height=\"176\" srcset=\"http:\/\/csut.org\/wp-content\/uploads\/2024\/07\/logo_occitanie-1024x176.png 1024w, http:\/\/csut.org\/wp-content\/uploads\/2024\/07\/logo_occitanie-300x52.png 300w, http:\/\/csut.org\/wp-content\/uploads\/2024\/07\/logo_occitanie-768x132.png 768w, http:\/\/csut.org\/wp-content\/uploads\/2024\/07\/logo_occitanie-1536x264.png 1536w, http:\/\/csut.org\/wp-content\/uploads\/2024\/07\/logo_occitanie-2048x352.png 2048w\" sizes=\"auto, (max-width: 1024px) 100vw, 1024px\" \/><\/p>\n<\/div>\n<\/div>\n<\/div>\n<\/div>\n<\/div>\n<\/div>","protected":false},"excerpt":{"rendered":"<p>In June 2011, the OECD (Future Global Shocks) identified geomagnetic storms (of solar origin) as one of the 5 major potential risks for the coming years. Among other things, events related to solar activity can impact civil and military terrestrial satellites for telecommunications, navigation, and observation. Communications (HF\/VHF\/UHF), Electronic Intelligence (ELINT), GNSS navigation, radar detection, [&hellip;]<\/p>\n","protected":false},"author":1,"featured_media":0,"parent":0,"menu_order":0,"comment_status":"closed","ping_status":"closed","template":"","meta":{"footnotes":""},"class_list":["post-227","page","type-page","status-publish","hentry"],"_links":{"self":[{"href":"http:\/\/csut.org\/fr\/wp-json\/wp\/v2\/pages\/227","targetHints":{"allow":["GET"]}}],"collection":[{"href":"http:\/\/csut.org\/fr\/wp-json\/wp\/v2\/pages"}],"about":[{"href":"http:\/\/csut.org\/fr\/wp-json\/wp\/v2\/types\/page"}],"author":[{"embeddable":true,"href":"http:\/\/csut.org\/fr\/wp-json\/wp\/v2\/users\/1"}],"replies":[{"embeddable":true,"href":"http:\/\/csut.org\/fr\/wp-json\/wp\/v2\/comments?post=227"}],"version-history":[{"count":1,"href":"http:\/\/csut.org\/fr\/wp-json\/wp\/v2\/pages\/227\/revisions"}],"predecessor-version":[{"id":645,"href":"http:\/\/csut.org\/fr\/wp-json\/wp\/v2\/pages\/227\/revisions\/645"}],"wp:attachment":[{"href":"http:\/\/csut.org\/fr\/wp-json\/wp\/v2\/media?parent=227"}],"curies":[{"name":"wp","href":"https:\/\/api.w.org\/{rel}","templated":true}]}}