{"id":2,"date":"2025-06-04T09:41:39","date_gmt":"2025-06-04T07:41:39","guid":{"rendered":"http:\/\/csut.org\/?page_id=2"},"modified":"2026-04-15T11:36:34","modified_gmt":"2026-04-15T09:36:34","slug":"page-d-exemple","status":"publish","type":"page","link":"http:\/\/csut.org\/fr\/page-d-exemple\/","title":{"rendered":"AIT de NIMPH"},"content":{"rendered":"<h2 class=\"wp-block-heading\"><em>AIT de NIMPH<\/em><\/h2>\n\n\n\n<p>Le projet NIMPH progresse de mani\u00e8re significative et se situe actuellement en phase C, correspondant \u00e0 la phase de conception de haut niveau. Cette \u00e9tape cl\u00e9 s\u2019accompagne de nombreux essais destin\u00e9s \u00e0 pr\u00e9parer le CubeSat \u00e0 son environnement spatial et \u00e0 valider ses performances.<\/p>\n\n\n\n<h2 class=\"wp-block-heading\">Tests vibratoires<\/h2>\n\n\n\n<p>Dans cette optique, nous avons r\u00e9alis\u00e9 des tests vibratoires visant \u00e0 reproduire l\u2019environnement intense auquel le nanosatellite sera soumis lors du lancement. Ces essais ont permis de valider la robustesse de la structure et des \u00e9quipements embarqu\u00e9s. Les r\u00e9sultats obtenus sont tr\u00e8s satisfaisants et confirment la bonne tenue du syst\u00e8me face aux contraintes m\u00e9caniques.<\/p>\n\n\n\n<figure class=\"wp-block-video\"><video height=\"1080\" style=\"aspect-ratio: 1920 \/ 1080;\" width=\"1920\" controls src=\"http:\/\/csut.org\/wp-content\/uploads\/2026\/04\/IMG_2866-1.mov\"><\/video><\/figure>\n\n\n\n<figure class=\"wp-block-video\"><video height=\"2160\" style=\"aspect-ratio: 3840 \/ 2160;\" width=\"3840\" controls src=\"http:\/\/csut.org\/wp-content\/uploads\/2026\/04\/IMG_8524-1.mov\"><\/video><\/figure>\n\n\n\n<p><\/p>\n\n\n\n<h2 class=\"wp-block-heading\">Tests de la cha\u00eene optique <\/h2>\n\n\n\n<p>Par ailleurs, des tests ont \u00e9t\u00e9 men\u00e9s sur la cha\u00eene optique afin d\u2019\u00e9valuer ses performances, notamment en mesurant la perte d\u2019insertion au sein du syst\u00e8me. Ces essais permettent de caract\u00e9riser les pertes optiques et de valider le bon fonctionnement de la cha\u00eene dans des conditions repr\u00e9sentatives de la mission.<\/p>\n\n\n\n<figure class=\"wp-block-gallery has-nested-images columns-default is-cropped wp-block-gallery-1 is-layout-flex wp-block-gallery-is-layout-flex\">\n<figure class=\"wp-block-image size-large\"><img loading=\"lazy\" decoding=\"async\" width=\"1024\" height=\"768\" data-id=\"1236\" src=\"http:\/\/csut.org\/wp-content\/uploads\/2026\/04\/20260403_112350-1-1024x768.jpg\" alt=\"\" class=\"wp-image-1236\" srcset=\"http:\/\/csut.org\/wp-content\/uploads\/2026\/04\/20260403_112350-1-1024x768.jpg 1024w, http:\/\/csut.org\/wp-content\/uploads\/2026\/04\/20260403_112350-1-300x225.jpg 300w, http:\/\/csut.org\/wp-content\/uploads\/2026\/04\/20260403_112350-1-150x112.jpg 150w, http:\/\/csut.org\/wp-content\/uploads\/2026\/04\/20260403_112350-1-768x576.jpg 768w, http:\/\/csut.org\/wp-content\/uploads\/2026\/04\/20260403_112350-1-1536x1151.jpg 1536w, http:\/\/csut.org\/wp-content\/uploads\/2026\/04\/20260403_112350-1-2048x1535.jpg 2048w, http:\/\/csut.org\/wp-content\/uploads\/2026\/04\/20260403_112350-1-16x12.jpg 16w\" sizes=\"auto, (max-width: 1024px) 100vw, 1024px\" \/><figcaption class=\"wp-element-caption\">Visualisation du laser dans la fibre optique<\/figcaption><\/figure>\n<\/figure>\n\n\n\n<figure class=\"wp-block-gallery has-nested-images columns-default is-cropped wp-block-gallery-2 is-layout-flex wp-block-gallery-is-layout-flex\">\n<figure class=\"wp-block-image size-large\"><img loading=\"lazy\" decoding=\"async\" width=\"1024\" height=\"768\" data-id=\"1232\" src=\"http:\/\/csut.org\/wp-content\/uploads\/2026\/04\/20260402_153235-2-1024x768.jpg\" alt=\"\" class=\"wp-image-1232\" srcset=\"http:\/\/csut.org\/wp-content\/uploads\/2026\/04\/20260402_153235-2-1024x768.jpg 1024w, http:\/\/csut.org\/wp-content\/uploads\/2026\/04\/20260402_153235-2-300x225.jpg 300w, http:\/\/csut.org\/wp-content\/uploads\/2026\/04\/20260402_153235-2-150x113.jpg 150w, http:\/\/csut.org\/wp-content\/uploads\/2026\/04\/20260402_153235-2-768x576.jpg 768w, http:\/\/csut.org\/wp-content\/uploads\/2026\/04\/20260402_153235-2-1536x1152.jpg 1536w, http:\/\/csut.org\/wp-content\/uploads\/2026\/04\/20260402_153235-2-2048x1536.jpg 2048w, http:\/\/csut.org\/wp-content\/uploads\/2026\/04\/20260402_153235-2-16x12.jpg 16w\" sizes=\"auto, (max-width: 1024px) 100vw, 1024px\" \/><figcaption class=\"wp-element-caption\">Photo des blocs d&#8217;\u00e9mission et de d\u00e9tection de la charge utile Edmon<\/figcaption><\/figure>\n<\/figure>\n\n\n\n<h2 class=\"wp-block-heading\">Tests thermiques<\/h2>\n\n\n\n<div class=\"wp-block-group is-nowrap is-layout-flex wp-container-core-group-is-layout-6c531013 wp-block-group-is-layout-flex\">\n<p>Gr\u00e2ce \u00e0 une chambre d\u2019essais climatiques Binder MKF 56, nous avons conduit des tests thermiques de validation et de caract\u00e9risation de la carte d\u2019interface du satellite.<br><br>L\u2019objectif de ces tests est de soumettre la carte \u00e0 des cycles thermiques compris entre -40\u00b0C et +80\u00b0C (avec une capacit\u00e9 de mont\u00e9e jusqu\u2019\u00e0 +110\u00b0C), afin de :<br><\/p>\n\n\n\n<figure class=\"wp-block-image size-large is-style-default\"><img loading=\"lazy\" decoding=\"async\" width=\"768\" height=\"1024\" src=\"http:\/\/csut.org\/wp-content\/uploads\/2026\/04\/IMG_7780-768x1024.jpg\" alt=\"\" class=\"wp-image-1215\" srcset=\"http:\/\/csut.org\/wp-content\/uploads\/2026\/04\/IMG_7780-768x1024.jpg 768w, http:\/\/csut.org\/wp-content\/uploads\/2026\/04\/IMG_7780-225x300.jpg 225w, http:\/\/csut.org\/wp-content\/uploads\/2026\/04\/IMG_7780-113x150.jpg 113w, http:\/\/csut.org\/wp-content\/uploads\/2026\/04\/IMG_7780-1152x1536.jpg 1152w, http:\/\/csut.org\/wp-content\/uploads\/2026\/04\/IMG_7780-1536x2048.jpg 1536w, http:\/\/csut.org\/wp-content\/uploads\/2026\/04\/IMG_7780-9x12.jpg 9w, http:\/\/csut.org\/wp-content\/uploads\/2026\/04\/IMG_7780-scaled.jpg 1920w\" sizes=\"auto, (max-width: 768px) 100vw, 768px\" \/><\/figure>\n<\/div>\n\n\n\n<ul class=\"wp-block-list\">\n<li>V\u00e9rifier son bon fonctionnement pendant et apr\u00e8s les essais.<\/li>\n\n\n\n<li>Analyser l\u2019impact de la temp\u00e9rature sur les composants critiques (limiteurs de courant, disjoncteurs, circuits d\u2019alimentation).<\/li>\n\n\n\n<li>\u00c9tudier l\u2019\u00e9volution de leurs performances en conditions extr\u00eames.<\/li>\n<\/ul>\n\n\n\n<p>Ces tests reproduisent les environnements thermiques s\u00e9v\u00e8res que la carte devra affronter en orbite et constituent une \u00e9tape essentielle dans la qualification du syst\u00e8me. Les r\u00e9sultats sont tr\u00e8s positifs et renforcent notre confiance pour la suite de la mission.<\/p>\n\n\n\n<figure class=\"wp-block-gallery has-nested-images columns-default is-cropped wp-block-gallery-3 is-layout-flex wp-block-gallery-is-layout-flex\">\n<figure class=\"wp-block-image size-large\"><img loading=\"lazy\" decoding=\"async\" width=\"981\" height=\"1024\" data-id=\"1222\" src=\"http:\/\/csut.org\/wp-content\/uploads\/2026\/04\/IMG_7800-2-981x1024.jpg\" alt=\"\" class=\"wp-image-1222\" srcset=\"http:\/\/csut.org\/wp-content\/uploads\/2026\/04\/IMG_7800-2-981x1024.jpg 981w, http:\/\/csut.org\/wp-content\/uploads\/2026\/04\/IMG_7800-2-287x300.jpg 287w, http:\/\/csut.org\/wp-content\/uploads\/2026\/04\/IMG_7800-2-144x150.jpg 144w, http:\/\/csut.org\/wp-content\/uploads\/2026\/04\/IMG_7800-2-768x802.jpg 768w, http:\/\/csut.org\/wp-content\/uploads\/2026\/04\/IMG_7800-2-1471x1536.jpg 1471w, http:\/\/csut.org\/wp-content\/uploads\/2026\/04\/IMG_7800-2-1962x2048.jpg 1962w, http:\/\/csut.org\/wp-content\/uploads\/2026\/04\/IMG_7800-2-11x12.jpg 11w\" sizes=\"auto, (max-width: 981px) 100vw, 981px\" \/><\/figure>\n<\/figure>","protected":false},"excerpt":{"rendered":"<p>NIMPH AIT The NIMPH project is progressing significantly and is currently in Phase C, corresponding to the high-level design phase. This key stage involves numerous tests designed to prepare the CubeSat for its space environment and validate its performance. Vibration tests With this in mind, we conducted vibration tests to reproduce the intense environment to [&hellip;]<\/p>\n","protected":false},"author":1,"featured_media":0,"parent":0,"menu_order":0,"comment_status":"closed","ping_status":"open","template":"","meta":{"footnotes":""},"class_list":["post-2","page","type-page","status-publish","hentry"],"_links":{"self":[{"href":"http:\/\/csut.org\/fr\/wp-json\/wp\/v2\/pages\/2","targetHints":{"allow":["GET"]}}],"collection":[{"href":"http:\/\/csut.org\/fr\/wp-json\/wp\/v2\/pages"}],"about":[{"href":"http:\/\/csut.org\/fr\/wp-json\/wp\/v2\/types\/page"}],"author":[{"embeddable":true,"href":"http:\/\/csut.org\/fr\/wp-json\/wp\/v2\/users\/1"}],"replies":[{"embeddable":true,"href":"http:\/\/csut.org\/fr\/wp-json\/wp\/v2\/comments?post=2"}],"version-history":[{"count":16,"href":"http:\/\/csut.org\/fr\/wp-json\/wp\/v2\/pages\/2\/revisions"}],"predecessor-version":[{"id":1238,"href":"http:\/\/csut.org\/fr\/wp-json\/wp\/v2\/pages\/2\/revisions\/1238"}],"wp:attachment":[{"href":"http:\/\/csut.org\/fr\/wp-json\/wp\/v2\/media?parent=2"}],"curies":[{"name":"wp","href":"https:\/\/api.w.org\/{rel}","templated":true}]}}