{"id":146,"date":"2024-07-02T13:57:35","date_gmt":"2024-07-02T11:57:35","guid":{"rendered":"https:\/\/csut-new.preprod.lamp.cnrs.fr\/?page_id=127"},"modified":"2026-04-13T17:06:55","modified_gmt":"2026-04-13T15:06:55","slug":"le-ballon-experimental","status":"publish","type":"page","link":"http:\/\/csut.org\/fr\/le-ballon-experimental\/","title":{"rendered":"Le ballon experimental"},"content":{"rendered":"<div class=\"wp-block-cover alignwide\" style=\"min-height:632px;aspect-ratio:unset;\"><img decoding=\"async\" class=\"wp-block-cover__image-background wp-image-208\" alt=\"\" src=\"https:\/\/csut-new.preprod.lamp.cnrs.fr\/wp-content\/uploads\/2024\/07\/Ballon2.jpg\" style=\"object-position:50% 25%\" data-object-fit=\"cover\" data-object-position=\"50% 25%\"\/><span aria-hidden=\"true\" class=\"wp-block-cover__background has-background-dim\"><\/span><div class=\"wp-block-cover__inner-container has-global-padding is-layout-constrained wp-block-cover-is-layout-constrained\">\n<p class=\"has-text-align-center has-xx-large-font-size\">Le ballon experimental<\/p>\n<\/div><\/div>\n\n\n<p>Les projets de ballons stratosph\u00e9riques ont \u00e9t\u00e9 initi\u00e9s depuis plusieurs ann\u00e9es par les \u00e9tudiants du Master 2\u00a0 <a href=\"https:\/\/www.univ-tlse3.fr\/search?beanKey=150bfcee-1f87-11e7-a0e0-b753bedcad22&amp;page=&amp;site=WEB&amp;l=&amp;RH=WEB&amp;q=Master+parcours+Techniques+spatiales+et+instrumentation+%28TSI%29\">Techniques Spatiales et Instrumentation<\/a> ( TSI ) de l\u2019Universit\u00e9 Toulouse 3 \u2013 Paul Sabatier supervis\u00e9 par M. Hassan Sabbah, enseignant-chercheur \u00e0 l\u2019IRAP.<\/p>\n<p id=\"tw-target-text\" class=\"tw-data-text tw-text-large tw-ta\" dir=\"ltr\" tabindex=\"-1\" role=\"text\" data-placeholder=\"Traduction\" data-ved=\"2ahUKEwjzicrJi8ySAxXUoScCHcwXJ5gQ3ewLegQIDBAW\" aria-label=\"Texte traduit\u00a0: The AEGIS 2022 and ATILA 2022 projects have been successfully conducted and are now finalized.\"><span class=\"Y2IQFc\" lang=\"en\">Les projets <strong>AEGIS 2022<\/strong> et <strong>ATILA 2022<\/strong> ont \u00e9t\u00e9 men\u00e9s \u00e0 bien et sont maintenant finalis\u00e9s.<\/span><\/p>\n\n\n<h1 class=\"wp-block-heading\">LACRA<\/h1>\n\n\n\n<p>Pour en savoir plus sur le projet, cliquez sur le lien suivant :&nbsp;<a href=\"http:\/\/csut.org\/wp-content\/uploads\/2024\/09\/2023-LACRA.pdf\">2023-LACRA<\/a><\/p>\n\n\n\n<p><\/p>\n\n\n\n<h1 class=\"wp-block-heading\">SACRED<\/h1>\n\n\n\n<p>Pour en savoir plus sur le projet, cliquez sur le lien suivant :&nbsp;<a href=\"http:\/\/csut.org\/wp-content\/uploads\/2024\/09\/2023-SACRED.pdf\">2023-SACRED<\/a><\/p>\n\n\n\n<p><\/p>\n\n\n\n<h2 class=\"wp-block-heading\">INTERVIEW<\/h2>\n\n\n\n<p>D\u00e9couvrez une interview d\u2019Hassan Sabbah, superviseur du projet de ballon stratosph\u00e9rique :<\/p>\n\n\n\n<figure class=\"wp-block-video\"><video height=\"540\" style=\"aspect-ratio: 958 \/ 540;\" width=\"958\" controls src=\"http:\/\/csut.org\/wp-content\/uploads\/2026\/04\/Interview-Hassan-Sabbah-EN-1.mp4\"><\/video><\/figure>","protected":false},"excerpt":{"rendered":"<p>Stratospheric balloon projects have been initiated for several years by the Master&#8217;s 2\u00a0 students\u00a0 Techniques Spatiales et Instrumentation ( TSI ) from the University of Toulouse 3 &#8211; Paul Sabatier supervised by Mr. Hassan Sabbah, researcher-teacher at IRAP. The AEGIS 2022 and ATILA 2022 projects have been successfully conducted and are now finalized. LACRA To [&hellip;]<\/p>\n","protected":false},"author":1,"featured_media":0,"parent":0,"menu_order":0,"comment_status":"closed","ping_status":"closed","template":"","meta":{"footnotes":""},"class_list":["post-146","page","type-page","status-publish","hentry"],"_links":{"self":[{"href":"http:\/\/csut.org\/fr\/wp-json\/wp\/v2\/pages\/146","targetHints":{"allow":["GET"]}}],"collection":[{"href":"http:\/\/csut.org\/fr\/wp-json\/wp\/v2\/pages"}],"about":[{"href":"http:\/\/csut.org\/fr\/wp-json\/wp\/v2\/types\/page"}],"author":[{"embeddable":true,"href":"http:\/\/csut.org\/fr\/wp-json\/wp\/v2\/users\/1"}],"replies":[{"embeddable":true,"href":"http:\/\/csut.org\/fr\/wp-json\/wp\/v2\/comments?post=146"}],"version-history":[{"count":10,"href":"http:\/\/csut.org\/fr\/wp-json\/wp\/v2\/pages\/146\/revisions"}],"predecessor-version":[{"id":1227,"href":"http:\/\/csut.org\/fr\/wp-json\/wp\/v2\/pages\/146\/revisions\/1227"}],"wp:attachment":[{"href":"http:\/\/csut.org\/fr\/wp-json\/wp\/v2\/media?parent=146"}],"curies":[{"name":"wp","href":"https:\/\/api.w.org\/{rel}","templated":true}]}}