{"id":145,"date":"2024-07-02T13:57:55","date_gmt":"2024-07-02T11:57:55","guid":{"rendered":"https:\/\/csut-new.preprod.lamp.cnrs.fr\/?page_id=124"},"modified":"2026-02-11T16:53:59","modified_gmt":"2026-02-11T15:53:59","slug":"marsu","status":"publish","type":"page","link":"http:\/\/csut.org\/fr\/marsu\/","title":{"rendered":"MARSU"},"content":{"rendered":"<div class=\"wp-block-cover alignwide\" style=\"min-height:442px;aspect-ratio:unset;\"><img decoding=\"async\" class=\"wp-block-cover__image-background wp-image-211\" alt=\"\" src=\"https:\/\/csut-new.preprod.lamp.cnrs.fr\/wp-content\/uploads\/2024\/07\/Image_01_Rognee_03.png\" style=\"object-position:54% 98%\" data-object-fit=\"cover\" data-object-position=\"54% 98%\"\/><span aria-hidden=\"true\" class=\"wp-block-cover__background has-background-dim\"><\/span><div class=\"wp-block-cover__inner-container has-global-padding is-layout-constrained wp-block-cover-is-layout-constrained\">\n<p class=\"has-text-align-center has-large-font-size\">Millimag Astrophotometry of Red Spirou \/ Spip stars as a University space mission<\/p>\n<\/div><\/div>\n\n\n<div class=\"wpb_column pos-top pos-center align_left column_parent col-lg-12 single-internal-gutter\">\n<div class=\"uncol style-light\">\n<div class=\"uncoltable\">\n<div class=\"uncell no-block-padding\">\n<div class=\"uncont\">\n<div class=\"uncode_text_column\">\n<p>Le suivi photom\u00e9trique est une m\u00e9thode largement utilis\u00e9e pour caract\u00e9riser les \u00e9toiles de luminosit\u00e9 variable tel que les jeunes \u00e9toiles actives et les \u00e9toiles autour desquelles transitent des exoplan\u00e8tes.<br \/>Les t\u00e9lescopes spatiaux se pr\u00e9sentent comme des outils parfaits pour observer de fa\u00e7on continu ce type d\u2019\u00e9toiles car ils permettent de s\u2019affranchir des inconv\u00e9nients des observations sol comme l\u2019alternance jours\/nuits et les perturbations atmosph\u00e9riques (turbulence et temps incertain).<\/p>\n<p>Dans ce contexte, nous proposons de r\u00e9aliser le CubeSat MARSU (Millimag Astrophotometry of Red SPIRou\/SPIP stars as a University space mission) qui consiste en un nanosatellite photom\u00e9trique dans le proche infrarouge qui travaillera en parall\u00e8le avec SPIRou et SPIP, deux spectropolarim\u00e8tres sol de nouvelle g\u00e9n\u00e9ration bas\u00e9s respectivement au T\u00e9lescope Canada France Hawaii (TCFH, Hawaii) et au T\u00e9lescope Bernard Lyot (TBL, Pic du Midi, France). SPIRou est actuellement en op\u00e9ration au TCFH (www.spirou.irap.omp.eu) tandis que SPIP (son jumeau) sera install\u00e9 au TBL \u00e0 partir de 2021.<\/p>\n<p>Le programme d\u2019observation commun SPIRou\/SPIP est un projet initi\u00e9 avec SPIRou au TCFH et sera \u00e9tendu avec SPIP au TBL. Les missions principales de ce programme sont de d\u00e9tecter et caract\u00e9riser des plan\u00e8tes jumelles de la Terre, habitables, autour d\u2019\u00e9toiles naines rouges, ainsi que l\u2019\u00e9tude de la naissance des \u00e9toiles et des plan\u00e8tes.<\/p>\n<p>Avec le CubeSat MARSU, les \u00e9toiles suivies et les exoplan\u00e8tes d\u00e9tect\u00e9es par SPIRou\/SPIP b\u00e9n\u00e9ficieront d\u2019un suivi photom\u00e9trique en simultan\u00e9e.<br \/>A l\u2019instar de SPIRou et SPIP, MARSU observera dans le proche infrarouge, un domaine spectral o\u00f9 les \u00e9toiles cibl\u00e9es (naines rouges et jeunes \u00e9toile en formation) \u00e9mettent le plus de lumi\u00e8re.\nEn combinant la spectroscopie et la photom\u00e9trie, on pourra mesurer les masses et les rayons des exoplan\u00e8tes, donc en d\u00e9duire leurs masses volumiques et ainsi avoir des informations sur leurs structures internes afin de distinguer, par exemple, les plan\u00e8tes gazeuses et celles telluriques.\nDe plus, l\u2019effet Doppler observ\u00e9 par SPIRou et SPIP peut \u00eatre pollu\u00e9 par l\u2019activit\u00e9 magn\u00e9tique stellaire dont la contribution peut d\u00e9passer les signatures v\u00e9locim\u00e9triques des exoplan\u00e8tes. Par son suivi photom\u00e9trique, MARSU permet d\u2019enregistrer l\u2019empreinte photom\u00e9trique de l\u2019activit\u00e9 stellaire, menant \u00e0 un meilleur filtrage de cet effet et donc \u00e0 une am\u00e9lioration de la fiabilit\u00e9 de d\u00e9tection et de caract\u00e9risation des exoplan\u00e8tes.<\/p>\n<p>L\u2019objectif de MARSU sera de r\u00e9aliser un suivi photom\u00e9trique continu (90% du temps en observation) dans les bandes spectrales YJH (1-1.8\u00b5m) pour des \u00e9toiles allant jusqu\u2019\u00e0 la magnitude H~11, avec une pr\u00e9cision meilleure que 1 mmag pour des temps d\u2019exposition &lt; 10 minutes, sur des p\u00e9riodes maximales de 3 mois et en simultan\u00e9e des observations SPIRou et SPIP.<br \/>Techniquement, MARSU disposera d\u2019une cam\u00e9ra se composant d\u2019un objectif de 8.5 cm (constitu\u00e9 de 5 lentilles) et d\u2019un d\u00e9tecteur proche infrarouge (SWIR) travaillant dans le domaine spectral 0.9 \u2013 1.8 \u00b5m. MARSU se garde la possibilit\u00e9 d\u2019accueillir une ou deux cam\u00e9ras (chaque cam\u00e9ra occupant 1x1x3U) avec des performances am\u00e9lior\u00e9es dans le second cas; cela requiert que la charge utile soit int\u00e9gr\u00e9e sur une plateforme 6U ou 12U suivant l\u2019option choisie.<\/p>\n<p>Pour conclure, le CubeSat MARSU propose non seulement un objectif scientifique ambitieux (en terme de taille d\u2019\u00e9chantillon couvert), mais aussi une innovation technologique (avec des observations infrarouges, une premi\u00e8re pour l\u2019\u00e9tude spatiale des transits photom\u00e9triques).<\/p>\n<\/div>\n<\/div>\n<\/div>\n<\/div>\n<\/div>\n<\/div>","protected":false},"excerpt":{"rendered":"<p>Photometric monitoring is a widely used method to characterize variable brightness stars such as young active stars and stars around which exoplanets transit.Space telescopes are seen as perfect tools for continuously observing this type of star because they eliminate the drawbacks of ground-based observations such as the day\/night cycle and atmospheric disturbances (turbulence and uncertain [&hellip;]<\/p>\n","protected":false},"author":1,"featured_media":0,"parent":0,"menu_order":0,"comment_status":"closed","ping_status":"closed","template":"","meta":{"footnotes":""},"class_list":["post-145","page","type-page","status-publish","hentry"],"_links":{"self":[{"href":"http:\/\/csut.org\/fr\/wp-json\/wp\/v2\/pages\/145","targetHints":{"allow":["GET"]}}],"collection":[{"href":"http:\/\/csut.org\/fr\/wp-json\/wp\/v2\/pages"}],"about":[{"href":"http:\/\/csut.org\/fr\/wp-json\/wp\/v2\/types\/page"}],"author":[{"embeddable":true,"href":"http:\/\/csut.org\/fr\/wp-json\/wp\/v2\/users\/1"}],"replies":[{"embeddable":true,"href":"http:\/\/csut.org\/fr\/wp-json\/wp\/v2\/comments?post=145"}],"version-history":[{"count":4,"href":"http:\/\/csut.org\/fr\/wp-json\/wp\/v2\/pages\/145\/revisions"}],"predecessor-version":[{"id":1143,"href":"http:\/\/csut.org\/fr\/wp-json\/wp\/v2\/pages\/145\/revisions\/1143"}],"wp:attachment":[{"href":"http:\/\/csut.org\/fr\/wp-json\/wp\/v2\/media?parent=145"}],"curies":[{"name":"wp","href":"https:\/\/api.w.org\/{rel}","templated":true}]}}