{"id":144,"date":"2024-07-02T13:58:50","date_gmt":"2024-07-02T11:58:50","guid":{"rendered":"https:\/\/csut-new.preprod.lamp.cnrs.fr\/?page_id=122"},"modified":"2025-08-08T13:26:42","modified_gmt":"2025-08-08T11:26:42","slug":"recevoir-entrysat","status":"publish","type":"page","link":"http:\/\/csut.org\/fr\/recevoir-entrysat\/","title":{"rendered":"To receive Entrysat"},"content":{"rendered":"<h1 class=\"western\">Recevoir EntrySat<\/h1>\n<h2 class=\"western\">La balise :<\/h2>\n<p align=\"left\">Entrysat pr\u00e9voit de rester en orbite au moins six mois avant d\u2019effectuer de lancer sa mission scientifique d\u2019\u00e9tude de l\u2019environnement de la r\u00e9-entr\u00e9e dans l\u2019atmosph\u00e8re. Durant son fonctionnement en mode orbital, Entrysat \u00e9mettra une balise toutes les minutes. Ce message de 50 octets contient des informations de base tel que le mode de fonctionnement du satellite, les tensions et les courants des alimentations et les temp\u00e9ratures de la plateforme (voir ci-apr\u00e8s). A l\u2019approche de la station sol (Toulouse, France) des informations compl\u00e9mentaires sur les capteurs du cubesat seront envoy\u00e9es vers le sol.<\/p>\n<h2 class=\"western\">Le lien radio :<\/h2>\n<p>Le lien vers le sol utilise une modulation BPSK 9600 bauds sur la fr\u00e9quence 436.95 MHz sur les bandes radioamateurs. D\u2019ailleurs Entrysat poss\u00e8de un indicatif radioamateur ON2FR indispensable pour \u00e9mettre sur cette bande. Il existe plusieurs fa\u00e7ons de recevoir et de d\u00e9moduler son signal. Cela est laiss\u00e9 \u00e0 la discr\u00e9tion de chacun pour exp\u00e9rimenter la r\u00e9ception des donn\u00e9es num\u00e9riques. Cependant nous proposons une solution en passant par un r\u00e9cepteur SDR avec son logiciel (<a href=\"http:\/\/gqrx.dk\/\">Gqrx<\/a> de OZ9AEC par exemple) et un logiciel de d\u00e9modulation comme <a href=\"http:\/\/uz7.ho.ua\/packetradio.htm\">SoundModem<\/a> de UZ7HO (version G3RUH-BPSK-9K6). Le r\u00e9cepteur SDR devra \u00eatre en mode USB, avec une bande passante d\u2019au moins 24kHz et un d\u00e9calage de la fr\u00e9quence de r\u00e9ception de -12kHz pour r\u00e9cup\u00e9rer le d\u00e9calage de l\u2019USB (ou de +12kHz si vous choisissez le mode LSB)<\/p>\n<p>&nbsp;<\/p>\n<p><img loading=\"lazy\" decoding=\"async\" class=\"alignnone wp-image-305 size-full\" src=\"http:\/\/csut.org\/wp-content\/uploads\/2024\/07\/Gqrx.png\" alt=\"\" width=\"941\" height=\"495\" srcset=\"http:\/\/csut.org\/wp-content\/uploads\/2024\/07\/Gqrx.png 941w, http:\/\/csut.org\/wp-content\/uploads\/2024\/07\/Gqrx-300x158.png 300w, http:\/\/csut.org\/wp-content\/uploads\/2024\/07\/Gqrx-768x404.png 768w\" sizes=\"auto, (max-width: 941px) 100vw, 941px\" \/><\/p>\n<h2 class=\"western\">Le d\u00e9codage de la :<\/h2>\n<p>La balise utilise une trame AX25 pour d\u00e9livrer un paquet PUS \u00e0 la norme ECSS. Voici un exemple de trame re\u00e7ue :<\/p>\n<p>8c 6c 96 a8 82 40 e0 : F6KTA-0 (ASCII&lt;&lt;1)<br \/>\n9e 9c 60 64 8c a4 61: ON02FR-0 (ASCII&lt;&lt;1)<br \/>\n03 f0 : Control Bit \/ Protocol Identifier (fixed)<br \/>\n\u2014\u2014\u2014\u2014\u2014\u2013Information Field \u2014\u2014-<br \/>\n00 00 00 00 : Time not used<br \/>\n\u2014\u2014\u2014\u2014\u2014 TM PACKET\u2014\u2014\u2014\u2014\u2013<br \/>\n08 01 : packet ID<br \/>\nc7 29 : packet sequence control<br \/>\n00 12 : packet length<br \/>\n10 : Spare\/TM source packet number\/ Space (fixed)<br \/>\n03 19 : service \/ service sub_type (3,25)<br \/>\n23 fe bd cd 17 : time (0x23<em>256^3 + 0xfe<\/em>256^2 + 0xbd<em>256 + 0xcd + 0x17<\/em>256^-1) = 2019\/02\/19 @ 13:14:53<br \/>\ntime since 2000\/1\/1 @ 00:00:00<br \/>\n\u2014\u2014\u2014\u2014\u2013SOURCE DATA\u2014\u2014\u2014\u2014\u2014\u2014<br \/>\n06 : SID (6)<br \/>\n00 : Mode Safe<br \/>\nf1 : EPS_VBATT ( 3+0.05\u00d7241 = 15.05V ) Battery Voltage<br \/>\n6b : EPS_BATT_VCURRENT ( -1+0.0078740\u00d7107 = -157.48mA ) Battery consumption<br \/>\n00 : EPS_3.3V Current (0.025\u00d70 = 0A) 3.3V current sink<br \/>\n00 : EPS_5V Current (0.025\u00d70 = 0A) 5V current sink<br \/>\n9e : TRX_TEMP (-15+0.25\u00d7158 = 24.5\u00b0C) Radio Transceiver temperature<br \/>\na0 : EPS_TEMP ( 25 \u00b0C) Power Management module temperature<br \/>\n98 : BATT_TEMP ( 23\u00b0C ) Battery temperature<br \/>\n1f c6 : Packet CRC<br \/>\nb0 : Frame status, AX.25 transfer frame information field (fixed)<br \/>\n09 be fe 23 : Time, AX.25 transfer frame information field, Coded in Little Endian (last packet sent)<\/p>\n<p>Dans cet exemple le cubesat est en mode survie. Il ne consomme donc pas de courant sur ses lignes d\u2019alimentation 3.3V et 5V des charges utiles (EPS 3.3V et 5V), Courant=0A.<\/p>\n<p>Un logiciel de d\u00e9codage a \u00e9t\u00e9 \u00e9crit par l\u2019AMSAT-FR et est disponible au t\u00e9l\u00e9chargement. \u00ccl s\u2019interface au logiciel de d\u00e9modulation \u00e0 travers le serveur KISS de ce dernier.<\/p>\n<p align=\"center\"><a href=\"http:\/\/site.amsat-f.org\/entrysat\/\">Lien vers le d\u00e9codeur Entrysat<\/a> (merci Xtof)<\/p>\n<p>&nbsp;<\/p>","protected":false},"excerpt":{"rendered":"<p>To Receive EntrySat The beacon : Entrysat plans to remain in orbit for at least six months before launching its scientific mission to study the re-entry environment into the atmosphere. During its operation in orbital mode, Entrysat will emit a beacon every minute. This 50-byte message contains basic information such as the satellite&#8217;s operating mode, [&hellip;]<\/p>\n","protected":false},"author":1,"featured_media":0,"parent":0,"menu_order":0,"comment_status":"closed","ping_status":"closed","template":"","meta":{"footnotes":""},"class_list":["post-144","page","type-page","status-publish","hentry"],"_links":{"self":[{"href":"http:\/\/csut.org\/fr\/wp-json\/wp\/v2\/pages\/144","targetHints":{"allow":["GET"]}}],"collection":[{"href":"http:\/\/csut.org\/fr\/wp-json\/wp\/v2\/pages"}],"about":[{"href":"http:\/\/csut.org\/fr\/wp-json\/wp\/v2\/types\/page"}],"author":[{"embeddable":true,"href":"http:\/\/csut.org\/fr\/wp-json\/wp\/v2\/users\/1"}],"replies":[{"embeddable":true,"href":"http:\/\/csut.org\/fr\/wp-json\/wp\/v2\/comments?post=144"}],"version-history":[{"count":1,"href":"http:\/\/csut.org\/fr\/wp-json\/wp\/v2\/pages\/144\/revisions"}],"predecessor-version":[{"id":663,"href":"http:\/\/csut.org\/fr\/wp-json\/wp\/v2\/pages\/144\/revisions\/663"}],"wp:attachment":[{"href":"http:\/\/csut.org\/fr\/wp-json\/wp\/v2\/media?parent=144"}],"curies":[{"name":"wp","href":"https:\/\/api.w.org\/{rel}","templated":true}]}}