{"id":143,"date":"2024-07-02T13:59:26","date_gmt":"2024-07-02T11:59:26","guid":{"rendered":"https:\/\/csut-new.preprod.lamp.cnrs.fr\/?page_id=114"},"modified":"2025-08-08T09:20:16","modified_gmt":"2025-08-08T07:20:16","slug":"spectra","status":"publish","type":"page","link":"http:\/\/csut.org\/fr\/spectra\/","title":{"rendered":"SPECTRA"},"content":{"rendered":"<div class=\"wp-block-cover alignwide\" style=\"min-height:600px;aspect-ratio:unset;\"><img decoding=\"async\" class=\"wp-block-cover__image-background wp-image-215\" alt=\"\" src=\"https:\/\/csut-new.preprod.lamp.cnrs.fr\/wp-content\/uploads\/2024\/07\/Schema7.png\" style=\"object-position:53% 43%\" data-object-fit=\"cover\" data-object-position=\"53% 43%\"\/><span aria-hidden=\"true\" class=\"wp-block-cover__background has-background-dim\"><\/span><div class=\"wp-block-cover__inner-container has-global-padding is-layout-constrained wp-block-cover-is-layout-constrained\">\n<p class=\"has-text-align-center has-large-font-size\">Spectra<\/p>\n<\/div><\/div>\n\n\n<p>La mission Spectra vise \u00e0 r\u00e9aliser un d\u00e9monstrateur de Cubesat 3U pour la surveillance du spectre radiofr\u00e9quence civil. En particulier, elle vise \u00e0 d\u00e9tecter et \u00e0 localiser les cibles \u00e9mettant dans une bande de fr\u00e9quence (\u00e0 d\u00e9terminer) et \u00e0 redescendre le spectre obtenu au sol. Les \u00e9tudes de phase 0\/A ont \u00e9t\u00e9 r\u00e9alis\u00e9es par le CSUT en partenariat avec l\u2019Ecole Nationale Sup\u00e9rieure de Techniques Avanc\u00e9es Bretagne (ENSTA Bretagne). Elles ont permis une d\u00e9finition pr\u00e9liminaire du syst\u00e8me spatial comprenant une orbite de r\u00e9f\u00e9rence, un cubesat 3U pr\u00e9-dimensionn\u00e9 (choix des \u00e9quipements, am\u00e9nagement, bilan de puissance, \u2026), un segment sol et une enveloppe de lanceurs potentiels.<\/p>","protected":false},"excerpt":{"rendered":"<p>The Spectra mission aims to create a 3U Cubesat demonstrator for monitoring the civil radiofrequency spectrum. In particular, it seeks to detect and locate targets emitting within a frequency band (to be determined) and to transmit the obtained spectrum to the ground. Phase 0\/A studies have been conducted by CSUT in partnership with the National [&hellip;]<\/p>\n","protected":false},"author":1,"featured_media":0,"parent":0,"menu_order":0,"comment_status":"closed","ping_status":"closed","template":"","meta":{"footnotes":""},"class_list":["post-143","page","type-page","status-publish","hentry"],"_links":{"self":[{"href":"http:\/\/csut.org\/fr\/wp-json\/wp\/v2\/pages\/143","targetHints":{"allow":["GET"]}}],"collection":[{"href":"http:\/\/csut.org\/fr\/wp-json\/wp\/v2\/pages"}],"about":[{"href":"http:\/\/csut.org\/fr\/wp-json\/wp\/v2\/types\/page"}],"author":[{"embeddable":true,"href":"http:\/\/csut.org\/fr\/wp-json\/wp\/v2\/users\/1"}],"replies":[{"embeddable":true,"href":"http:\/\/csut.org\/fr\/wp-json\/wp\/v2\/comments?post=143"}],"version-history":[{"count":1,"href":"http:\/\/csut.org\/fr\/wp-json\/wp\/v2\/pages\/143\/revisions"}],"predecessor-version":[{"id":644,"href":"http:\/\/csut.org\/fr\/wp-json\/wp\/v2\/pages\/143\/revisions\/644"}],"wp:attachment":[{"href":"http:\/\/csut.org\/fr\/wp-json\/wp\/v2\/media?parent=143"}],"curies":[{"name":"wp","href":"https:\/\/api.w.org\/{rel}","templated":true}]}}