{"id":140,"date":"2024-07-02T13:56:26","date_gmt":"2024-07-02T11:56:26","guid":{"rendered":"https:\/\/csut-new.preprod.lamp.cnrs.fr\/?page_id=134"},"modified":"2025-08-08T13:19:15","modified_gmt":"2025-08-08T11:19:15","slug":"contact-radio-avec-thomas-pesquet","status":"publish","type":"page","link":"http:\/\/csut.org\/fr\/contact-radio-avec-thomas-pesquet\/","title":{"rendered":"Contact Radio avec Thomas Pesquet"},"content":{"rendered":"<div class=\"wp-block-cover alignwide\" style=\"min-height:602px;aspect-ratio:unset;\"><img decoding=\"async\" class=\"wp-block-cover__image-background wp-image-207\" alt=\"\" src=\"https:\/\/csut-new.preprod.lamp.cnrs.fr\/wp-content\/uploads\/2024\/07\/33675513935_660bc84654_c.jpg\" style=\"object-position:54% 0%\" data-object-fit=\"cover\" data-object-position=\"54% 0%\"\/><span aria-hidden=\"true\" class=\"wp-block-cover__background has-background-dim\"><\/span><div class=\"wp-block-cover__inner-container has-global-padding is-layout-constrained wp-block-cover-is-layout-constrained\">\n<p class=\"has-text-align-center has-large-font-size\">Contact Radio entre des El\u00e8ves et Thomas Pesquet<\/p>\n<\/div><\/div>\n\n\n<div class=\"uncode_text_column\">\n<p>Le Centre Spatial Universitaire de Toulouse, travaille sur le d\u00e9veloppement et la r\u00e9alisation de projets innovants de nano syst\u00e8mes spatiaux utilisant principalement des nano-satellites pour r\u00e9aliser des missions scientifiques ou technologiques.<\/p>\n<p>Outre l\u2019aspect scientifique, technologique et innovation, le CSUT met au coeur de ses actions la coop\u00e9ration. Il privil\u00e9gie la formation de futurs acteurs du domaine spatial \u00e0 travers des projets innovants, gr\u00e2ce \u00e0 huit partenaires acad\u00e9mique: l\u2019ISAE-SUPAERO, l\u2019Universit\u00e9 Paul Sabatier Toulouse III (UT3), l\u2019ENAC, l\u2019INP Toulouse, l\u2019INSA Toulouse, l\u2019IRAP, le LAAS- CNRS et l\u2019ONERA.<\/p>\n<\/div>\n<div class=\"uncode_text_column\">\n<h2>Un projet p\u00e9dagogique autour du spatial : SAFARISS<\/h2>\n<p>SAFARISS \u00ab Student Astronaute Face-to-face by ARISS \u00bb est un projet port\u00e9 par le CSUT \u00e0 destination des \u00e9l\u00e8ves du lyc\u00e9e de l\u2019Espace Pierre-Paul Riquet cr\u00e9e en 2010 de la volont\u00e9 du CNES, de l\u2018acad\u00e9mie de Toulouse et de la r\u00e9gion Midi-Pyr\u00e9n\u00e9es pour am\u00e9liorer la visibilit\u00e9 du secteur spatial dans le syst\u00e8me d\u2019\u00e9ducation fran\u00e7ais.<\/p>\n<p>L\u2019initiative SAFARISS, offre l\u2019opportunit\u00e9 aux \u00e9l\u00e8ves du lyc\u00e9e de prendre part \u00e0 un projet li\u00e9 \u00e0 l\u2019espace \u00e0 travers diff\u00e9rentes missions \u00e0 vis\u00e9es p\u00e9dagogiques, qui auront pour but d\u2019encourager et de p\u00e9renniser les \u00e9changes entre le lyc\u00e9e, l\u2019universit\u00e9, et les radioamateurs. \u00ab Bien que nos \u00e9tudiants acqui\u00e8rent beaucoup d\u2019exp\u00e9rience th\u00e9orique et pratique \u00e0 travers les travaux de laboratoire, le projet SAFARISS leur donne l\u2019occasion d\u2019exp\u00e9rimenter une communication grandeur nature. Nos \u00e9tudiants sont tr\u00e8s motiv\u00e9s pour expliquer \u00e0 la jeune g\u00e9n\u00e9ration leurs passions et leur choix d\u2019orientation. Ce projet commun permettra d\u2019\u00e9tablir un lien fort entre le secondaire et le sup\u00e9rieur.\u00bb d\u00e9clare Nicolas Nolhier, directeur du Centre spatial universitaire de Toulouse (CSUT).<\/p>\n<p>Les \u00e9l\u00e8ves auront par exemple, la t\u00e2che de la r\u00e9aliser des posters sur le travail des radioamateurs sous le tutorat des \u00e9tudiants de l\u2019universit\u00e9. Ou encore, participer \u00e0 la construction d\u2019une station de r\u00e9ception SDR, au lyc\u00e9e avec les radioamateurs de <a href=\"http:\/\/ref31.r-e-f.org\/\">l'association REF31<\/a> de Haute-Garonne.<\/p>\n<\/div>\n<div class=\"uncode_text_column\">\n<h2>Communication vers l\u2019espace avec Thomas Pesquet<\/h2>\n<p>Ces missions s\u2019articulent autour d\u2019un grand temps fort du projet : la communication avec <a href=\"https:\/\/fr.wikipedia.org\/wiki\/Thomas_Pesquet\">l'astronaute Thomas Pesquet.<\/a>Ce dernier s\u2019envolera au printemps 2021 vers <a href=\"https:\/\/www.nasa.gov\/mission_pages\/station\/main\/index.html\">la station spatiale internationale<\/a> (ISS) on board the American capsule <a href=\"https:\/\/www.spacex.com\/vehicles\/dragon\/index.html\">Crew Dragon<\/a> de SpaceX<\/p>\n<p>Cette communication d\u2019une dizaine de minutes sera possible au passage de l\u2019ISS au-dessus de Toulouse. Le contact s\u2019effectuera sur les fr\u00e9quences de radioamateurs. Ce projet permet aux radioamateurs de promouvoir leurs activit\u00e9s au sein des \u00e9coles et ainsi de montrer aux \u00e9l\u00e8ves et \u00e9tudiants qu\u2019ils peuvent communiquer avec l\u2019espace, comme les professionnels avec l\u2019\u00e9quipement mis gracieusement \u00e0 leur disposition.<br \/>\u00ab Parler avec Thomas Pesquet serait vraiment une belle opportunit\u00e9, ayant toujours \u00e9t\u00e9 attir\u00e9e par l\u2019espace et ses secrets. Pouvoir communiquer avec un spationaute au moyen d\u2019\u00e9quipement radioamateur serait vraiment enrichissant et encourageant de voir que les gens r\u00e9alisent des choses incroyables, peu importe qui nous sommes, si nous croyons en nos r\u00eaves, ils se r\u00e9aliseront. \u00bb s\u2019enthousiasme Johana, \u00e9l\u00e8ve au lyc\u00e9e de l\u2019espace Pierre-Paul Riquet.<\/p>\n<p>\u00c0 ce jour, la date de l\u2019\u00e9change avec Thomas Pesquet reste encore inconnue. Toutefois, si toutes les conditions sont r\u00e9unies et les \u00e9ch\u00e9ances respect\u00e9es, nous pourrons potentiellement \u00e9tablir un contact avec l\u2019astronaute au mois d\u2019avril puisque tout d\u00e9pendra en premier lieu du lancement de l\u2019ISS.<\/p>\n<p>Si comme Johana vous \u00eates passionn\u00e9s par le domaine spatial, vous pouvez suivre tous les temps forts de ce projet et les actualit\u00e9s du CSUT sur Twitter<a href=\"https:\/\/twitter.com\/CSUT_Officiel\">(@CSUT_Officiel<\/a>)<\/p>\n<\/div>\n<p><img loading=\"lazy\" decoding=\"async\" class=\"alignnone wp-image-320 size-full\" src=\"http:\/\/csut.org\/wp-content\/uploads\/2024\/07\/ARISS_REF_AMSAT.png\" alt=\"\" width=\"1020\" height=\"171\" srcset=\"http:\/\/csut.org\/wp-content\/uploads\/2024\/07\/ARISS_REF_AMSAT.png 1020w, http:\/\/csut.org\/wp-content\/uploads\/2024\/07\/ARISS_REF_AMSAT-300x50.png 300w, http:\/\/csut.org\/wp-content\/uploads\/2024\/07\/ARISS_REF_AMSAT-768x129.png 768w\" sizes=\"auto, (max-width: 1020px) 100vw, 1020px\" \/><\/p>","protected":false},"excerpt":{"rendered":"<p>The University Space Center of Toulouse works on the development and implementation of innovative projects for nanospace systems mainly using nano-satellites to carry out scientific or technological missions. Beyond the scientific, technological, and innovation aspects, CSUT places cooperation at the heart of its actions. It prioritizes the training of future players in the space field [&hellip;]<\/p>\n","protected":false},"author":1,"featured_media":0,"parent":0,"menu_order":0,"comment_status":"closed","ping_status":"closed","template":"","meta":{"footnotes":""},"class_list":["post-140","page","type-page","status-publish","hentry"],"_links":{"self":[{"href":"http:\/\/csut.org\/fr\/wp-json\/wp\/v2\/pages\/140","targetHints":{"allow":["GET"]}}],"collection":[{"href":"http:\/\/csut.org\/fr\/wp-json\/wp\/v2\/pages"}],"about":[{"href":"http:\/\/csut.org\/fr\/wp-json\/wp\/v2\/types\/page"}],"author":[{"embeddable":true,"href":"http:\/\/csut.org\/fr\/wp-json\/wp\/v2\/users\/1"}],"replies":[{"embeddable":true,"href":"http:\/\/csut.org\/fr\/wp-json\/wp\/v2\/comments?post=140"}],"version-history":[{"count":6,"href":"http:\/\/csut.org\/fr\/wp-json\/wp\/v2\/pages\/140\/revisions"}],"predecessor-version":[{"id":661,"href":"http:\/\/csut.org\/fr\/wp-json\/wp\/v2\/pages\/140\/revisions\/661"}],"wp:attachment":[{"href":"http:\/\/csut.org\/fr\/wp-json\/wp\/v2\/media?parent=140"}],"curies":[{"name":"wp","href":"https:\/\/api.w.org\/{rel}","templated":true}]}}