{"id":1241,"date":"2026-04-17T15:27:01","date_gmt":"2026-04-17T13:27:01","guid":{"rendered":"http:\/\/csut.org\/jobs\/"},"modified":"2026-04-17T15:33:20","modified_gmt":"2026-04-17T13:33:20","slug":"jobs","status":"publish","type":"page","link":"http:\/\/csut.org\/fr\/jobs\/","title":{"rendered":"Emplois"},"content":{"rendered":"<h2 class=\"wp-block-heading\">Offres d'emplois<\/h2>\n\n\n\n<p>Le Centre Spatial Universitaire de Toulouse (CSUT) recrute un(e) <strong>Ing\u00e9nieur(e) en syst\u00e8mes spatiaux<\/strong> (H\/F) pour contribuer au d\u00e9veloppement de programmes innovants de nanosatellites \u00e9tudiants, en lien avec le CNES.<br><br>Au c\u0153ur de projets techniques passionnants, vous interviendrez sur :<br>\u2022 L\u2019ing\u00e9nierie syst\u00e8me satellite<br>\u2022 L\u2019int\u00e9gration, validation, v\u00e9rification et qualification (IVVQ)<br>\u2022 Le d\u00e9veloppement logiciel embarqu\u00e9 (C, VHDL, FPGA)<br>\u2022 Les op\u00e9rations en centre de contr\u00f4le satellite<\/p>\n\n\n\n<p><br>Vous \u00e9voluerez dans un environnement collaboratif unique r\u00e9unissant grandes \u00e9coles et acteurs majeurs du spatial, avec un r\u00f4le transverse \u00e0 forte dimension technique et p\u00e9dagogique.<br><br>Poste bas\u00e9 \u00e0 Toulouse<br>Prise de poste : 1er juin 2026<\/p>\n\n\n\n<p><br>Vous \u00eates passionn\u00e9(e) par le spatial, l\u2019ing\u00e9nierie syst\u00e8me et les environnements innovants ? Ce poste est fait pour vous. <\/p>\n\n\n\n<p><strong>Pour candidater : CV + lettre de motivation \u00e0 gaetan.prigent@toulouse-inp.fr<\/strong><\/p>\n\n\n\n<figure class=\"wp-block-gallery has-nested-images columns-default is-cropped wp-block-gallery-1 is-layout-flex wp-block-gallery-is-layout-flex\">\n<figure class=\"wp-block-image size-full\"><img loading=\"lazy\" decoding=\"async\" width=\"591\" height=\"839\" data-id=\"1248\" src=\"http:\/\/csut.org\/wp-content\/uploads\/2026\/04\/Capture-decran-2026-04-17-145928-2.png\" alt=\"\" class=\"wp-image-1248\" srcset=\"http:\/\/csut.org\/wp-content\/uploads\/2026\/04\/Capture-decran-2026-04-17-145928-2.png 591w, http:\/\/csut.org\/wp-content\/uploads\/2026\/04\/Capture-decran-2026-04-17-145928-2-211x300.png 211w, http:\/\/csut.org\/wp-content\/uploads\/2026\/04\/Capture-decran-2026-04-17-145928-2-106x150.png 106w, http:\/\/csut.org\/wp-content\/uploads\/2026\/04\/Capture-decran-2026-04-17-145928-2-8x12.png 8w\" sizes=\"auto, (max-width: 591px) 100vw, 591px\" \/><\/figure>\n<\/figure>\n\n\n\n<figure class=\"wp-block-gallery has-nested-images columns-default is-cropped wp-block-gallery-2 is-layout-flex wp-block-gallery-is-layout-flex\">\n<figure class=\"wp-block-image size-large\"><img loading=\"lazy\" decoding=\"async\" width=\"593\" height=\"839\" data-id=\"1252\" src=\"http:\/\/csut.org\/wp-content\/uploads\/2026\/04\/Capture-decran-2026-04-17-150129-2.png\" alt=\"\" class=\"wp-image-1252\" srcset=\"http:\/\/csut.org\/wp-content\/uploads\/2026\/04\/Capture-decran-2026-04-17-150129-2.png 593w, http:\/\/csut.org\/wp-content\/uploads\/2026\/04\/Capture-decran-2026-04-17-150129-2-212x300.png 212w, http:\/\/csut.org\/wp-content\/uploads\/2026\/04\/Capture-decran-2026-04-17-150129-2-106x150.png 106w, http:\/\/csut.org\/wp-content\/uploads\/2026\/04\/Capture-decran-2026-04-17-150129-2-8x12.png 8w\" sizes=\"auto, (max-width: 593px) 100vw, 593px\" \/><\/figure>\n<\/figure>\n\n\n\n<figure class=\"wp-block-gallery has-nested-images columns-default is-cropped wp-block-gallery-3 is-layout-flex wp-block-gallery-is-layout-flex\">\n<figure class=\"wp-block-image size-large\"><img loading=\"lazy\" decoding=\"async\" width=\"590\" height=\"842\" data-id=\"1253\" src=\"http:\/\/csut.org\/wp-content\/uploads\/2026\/04\/Capture-decran-2026-04-17-150248-2.png\" alt=\"\" class=\"wp-image-1253\" srcset=\"http:\/\/csut.org\/wp-content\/uploads\/2026\/04\/Capture-decran-2026-04-17-150248-2.png 590w, http:\/\/csut.org\/wp-content\/uploads\/2026\/04\/Capture-decran-2026-04-17-150248-2-210x300.png 210w, http:\/\/csut.org\/wp-content\/uploads\/2026\/04\/Capture-decran-2026-04-17-150248-2-105x150.png 105w, http:\/\/csut.org\/wp-content\/uploads\/2026\/04\/Capture-decran-2026-04-17-150248-2-8x12.png 8w\" sizes=\"auto, (max-width: 590px) 100vw, 590px\" \/><\/figure>\n<\/figure>","protected":false},"excerpt":{"rendered":"<p>Job Offers The Toulouse University Space Centre (CSUT) is recruiting a Space Systems Engineer (M\/F) to contribute to the development of innovative student nanosatellite programs, in partnership with CNES. At the heart of exciting technical projects, you will be involved in:\u2022 Satellite systems engineering\u2022 Integration, validation, verification, and qualification (IVVQ)\u2022 Embedded software development (C, VHDL, [&hellip;]<\/p>\n","protected":false},"author":2,"featured_media":0,"parent":0,"menu_order":0,"comment_status":"closed","ping_status":"closed","template":"","meta":{"footnotes":""},"class_list":["post-1241","page","type-page","status-publish","hentry"],"_links":{"self":[{"href":"http:\/\/csut.org\/fr\/wp-json\/wp\/v2\/pages\/1241","targetHints":{"allow":["GET"]}}],"collection":[{"href":"http:\/\/csut.org\/fr\/wp-json\/wp\/v2\/pages"}],"about":[{"href":"http:\/\/csut.org\/fr\/wp-json\/wp\/v2\/types\/page"}],"author":[{"embeddable":true,"href":"http:\/\/csut.org\/fr\/wp-json\/wp\/v2\/users\/2"}],"replies":[{"embeddable":true,"href":"http:\/\/csut.org\/fr\/wp-json\/wp\/v2\/comments?post=1241"}],"version-history":[{"count":2,"href":"http:\/\/csut.org\/fr\/wp-json\/wp\/v2\/pages\/1241\/revisions"}],"predecessor-version":[{"id":1254,"href":"http:\/\/csut.org\/fr\/wp-json\/wp\/v2\/pages\/1241\/revisions\/1254"}],"wp:attachment":[{"href":"http:\/\/csut.org\/fr\/wp-json\/wp\/v2\/media?parent=1241"}],"curies":[{"name":"wp","href":"https:\/\/api.w.org\/{rel}","templated":true}]}}